{"id":32082,"date":"2022-06-10T13:10:42","date_gmt":"2022-06-10T11:10:42","guid":{"rendered":"https:\/\/rizome-bxl.be\/?page_id=32082"},"modified":"2024-05-14T15:30:25","modified_gmt":"2024-05-14T13:30:25","slug":"bezoeksters-in-de-gevangenis","status":"publish","type":"page","link":"https:\/\/rizome-bxl.be\/nl\/missies\/bezoeksters-in-de-gevangenis\/","title":{"rendered":"Bezoeksters in de gevangenis"},"content":{"rendered":"\t\t<div data-elementor-type=\"wp-page\" data-elementor-id=\"32082\" class=\"elementor elementor-32082 elementor-44\">\n\t\t\t\t\t\t<section class=\"elementor-section elementor-top-section elementor-element elementor-element-65400f8 elementor-section-boxed elementor-section-height-default elementor-section-height-default\" data-id=\"65400f8\" data-element_type=\"section\">\n\t\t\t\t\t\t<div class=\"elementor-container elementor-column-gap-default\">\n\t\t\t\t\t<div class=\"elementor-column elementor-col-100 elementor-top-column elementor-element elementor-element-6ef8d6c\" data-id=\"6ef8d6c\" data-element_type=\"column\">\n\t\t\t<div class=\"elementor-widget-wrap elementor-element-populated\">\n\t\t\t\t\t\t<div class=\"elementor-element elementor-element-df9a9a4 elementor-widget elementor-widget-text-editor\" data-id=\"df9a9a4\" data-element_type=\"widget\" data-widget_type=\"text-editor.default\">\n\t\t\t\t<div class=\"elementor-widget-container\">\n\t\t\t\t\t\t\t<p>De bezoekers en bezoeksters in de gevangenis zijn sleutelfiguren in onze organisatie. Ze bieden de gevangenen actieve steun en hun werk is een manier van verzet tegen de breuk tussen de gevangenen en de maatschappij.<\/p>\t\t\t\t\t\t<\/div>\n\t\t\t\t<\/div>\n\t\t\t\t\t<\/div>\n\t\t<\/div>\n\t\t\t\t\t<\/div>\n\t\t<\/section>\n\t\t\t\t<section class=\"elementor-section elementor-top-section elementor-element elementor-element-430e441 elementor-section-boxed elementor-section-height-default elementor-section-height-default\" data-id=\"430e441\" data-element_type=\"section\">\n\t\t\t\t\t\t<div class=\"elementor-container elementor-column-gap-default\">\n\t\t\t\t\t<div class=\"elementor-column elementor-col-50 elementor-top-column elementor-element elementor-element-5546cd1\" data-id=\"5546cd1\" data-element_type=\"column\">\n\t\t\t<div class=\"elementor-widget-wrap elementor-element-populated\">\n\t\t\t\t\t\t<div class=\"elementor-element elementor-element-832eafe elementor-widget elementor-widget-raven-image\" data-id=\"832eafe\" data-element_type=\"widget\" data-widget_type=\"raven-image.default\">\n\t\t\t\t<div class=\"elementor-widget-container\">\n\t\t\t\t\t<div class=\"raven-image\">\n\t\t\n\t\t\n\t\t<img fetchpriority=\"high\" decoding=\"async\" width=\"1241\" height=\"1755\" src=\"https:\/\/rizome-bxl.be\/wp-content\/uploads\/2023\/08\/affiche-vrijwilligers_page-0001.jpg\" class=\"attachment-full size-full wp-image-32398\" alt=\"\" srcset=\"https:\/\/rizome-bxl.be\/wp-content\/uploads\/2023\/08\/affiche-vrijwilligers_page-0001.jpg 1241w, https:\/\/rizome-bxl.be\/wp-content\/uploads\/2023\/08\/affiche-vrijwilligers_page-0001-212x300.jpg 212w, https:\/\/rizome-bxl.be\/wp-content\/uploads\/2023\/08\/affiche-vrijwilligers_page-0001-724x1024.jpg 724w, https:\/\/rizome-bxl.be\/wp-content\/uploads\/2023\/08\/affiche-vrijwilligers_page-0001-768x1086.jpg 768w, https:\/\/rizome-bxl.be\/wp-content\/uploads\/2023\/08\/affiche-vrijwilligers_page-0001-1086x1536.jpg 1086w\" sizes=\"(max-width: 1241px) 100vw, 1241px\" \/>\t\t<\/div>\n\t\t\t\t<\/div>\n\t\t\t\t<\/div>\n\t\t\t\t\t<\/div>\n\t\t<\/div>\n\t\t\t\t<div class=\"elementor-column elementor-col-50 elementor-top-column elementor-element elementor-element-7123de5\" data-id=\"7123de5\" data-element_type=\"column\">\n\t\t\t<div class=\"elementor-widget-wrap elementor-element-populated\">\n\t\t\t\t\t\t<div class=\"elementor-element elementor-element-7a39ac9 elementor-widget elementor-widget-heading\" data-id=\"7a39ac9\" data-element_type=\"widget\" data-widget_type=\"heading.default\">\n\t\t\t\t<div class=\"elementor-widget-container\">\n\t\t\t<h4 class=\"elementor-heading-title elementor-size-default\">Wat bieden de bezoekers en bezoeksters in de gevangenis?<\/h4>\t\t<\/div>\n\t\t\t\t<\/div>\n\t\t\t\t<div class=\"elementor-element elementor-element-f6881d0 elementor-widget elementor-widget-text-editor\" data-id=\"f6881d0\" data-element_type=\"widget\" data-widget_type=\"text-editor.default\">\n\t\t\t\t<div class=\"elementor-widget-container\">\n\t\t\t\t\t\t\t<p>Een luisterend oor en gesprekken van burger tot burger over het leven in een kader van wederzijds respect en zonder de gedetineerde te beoordelen.<\/p><p>De gesprekken steunen op <strong>drie essenti\u00eble basisprincipes <\/strong>:<br \/>vertrouwen, gelijkheid en discretie.<\/p>\t\t\t\t\t\t<\/div>\n\t\t\t\t<\/div>\n\t\t\t\t<div class=\"elementor-element elementor-element-6d7325b elementor-icon-list--layout-traditional elementor-list-item-link-full_width elementor-widget elementor-widget-icon-list\" data-id=\"6d7325b\" data-element_type=\"widget\" data-widget_type=\"icon-list.default\">\n\t\t\t\t<div class=\"elementor-widget-container\">\n\t\t\t\t\t<ul class=\"elementor-icon-list-items\">\n\t\t\t\t\t\t\t<li class=\"elementor-icon-list-item\">\n\t\t\t\t\t\t\t\t\t\t\t<span class=\"elementor-icon-list-icon\">\n\t\t\t\t\t\t\t<i aria-hidden=\"true\" class=\"far fa-comments\"><\/i>\t\t\t\t\t\t<\/span>\n\t\t\t\t\t\t\t\t\t\t<span class=\"elementor-icon-list-text\"><b>Ons team is meertalig: <\/b>Nederlands, fran\u00e7ais, English, portugu\u00eas, rom\u00e2nesc, espa\u00f1ol, italiano.<\/span>\n\t\t\t\t\t\t\t\t\t<\/li>\n\t\t\t\t\t\t<\/ul>\n\t\t\t\t<\/div>\n\t\t\t\t<\/div>\n\t\t\t\t<section class=\"elementor-section elementor-inner-section elementor-element elementor-element-659a49e elementor-section-boxed elementor-section-height-default elementor-section-height-default\" data-id=\"659a49e\" data-element_type=\"section\">\n\t\t\t\t\t\t<div class=\"elementor-container elementor-column-gap-default\">\n\t\t\t\t\t<div class=\"elementor-column elementor-col-100 elementor-inner-column elementor-element elementor-element-c4dfc59\" data-id=\"c4dfc59\" data-element_type=\"column\">\n\t\t\t<div class=\"elementor-widget-wrap elementor-element-populated\">\n\t\t\t\t\t\t<div class=\"elementor-element elementor-element-70d7b81 elementor-widget elementor-widget-heading\" data-id=\"70d7b81\" data-element_type=\"widget\" data-widget_type=\"heading.default\">\n\t\t\t\t<div class=\"elementor-widget-container\">\n\t\t\t<h5 class=\"elementor-heading-title elementor-size-default\">Samenwerking tussen burgers en professionals: <\/h5>\t\t<\/div>\n\t\t\t\t<\/div>\n\t\t\t\t<div class=\"elementor-element elementor-element-9338097 elementor-widget elementor-widget-text-editor\" data-id=\"9338097\" data-element_type=\"widget\" data-widget_type=\"text-editor.default\">\n\t\t\t\t<div class=\"elementor-widget-container\">\n\t\t\t\t\t\t\t<p>In onze vzw bestaat het team van bezoekers en bezoeksters in de gevangenis uit een veertigtal vrijwilligers, begeleid door 4 professionals van Rizome-Bxl.<\/p><p>Tijdens de <strong>maandelijkse vergaderingen<\/strong> kunnen ze <strong>elkaar ontmoeten<\/strong>, <strong>uitwisselen<\/strong> over onze activiteiten en zich <strong>informeren<\/strong> over bepaalde onderwerpen in verband met de omgeving waarin dit vrijwilligerswerk zich afspeelt (gerechtelijk systeem, hulpverlenings- en zorgnetwerk\u00a0enz.).<\/p>\t\t\t\t\t\t<\/div>\n\t\t\t\t<\/div>\n\t\t\t\t\t<\/div>\n\t\t<\/div>\n\t\t\t\t\t<\/div>\n\t\t<\/section>\n\t\t\t\t\t<\/div>\n\t\t<\/div>\n\t\t\t\t\t<\/div>\n\t\t<\/section>\n\t\t\t\t<section class=\"elementor-section elementor-top-section elementor-element elementor-element-2aba4b5 elementor-section-boxed elementor-section-height-default elementor-section-height-default\" data-id=\"2aba4b5\" data-element_type=\"section\">\n\t\t\t\t\t\t<div class=\"elementor-container elementor-column-gap-default\">\n\t\t\t\t\t<div class=\"elementor-column elementor-col-100 elementor-top-column elementor-element elementor-element-ca883cb\" data-id=\"ca883cb\" data-element_type=\"column\">\n\t\t\t<div class=\"elementor-widget-wrap elementor-element-populated\">\n\t\t\t\t\t\t<section class=\"elementor-section elementor-inner-section elementor-element elementor-element-3a563f4 elementor-section-boxed elementor-section-height-default elementor-section-height-default\" data-id=\"3a563f4\" data-element_type=\"section\">\n\t\t\t\t\t\t<div class=\"elementor-container elementor-column-gap-default\">\n\t\t\t\t\t<div class=\"elementor-column elementor-col-100 elementor-inner-column elementor-element elementor-element-fabdddc\" data-id=\"fabdddc\" data-element_type=\"column\">\n\t\t\t<div class=\"elementor-widget-wrap elementor-element-populated\">\n\t\t\t\t\t\t<div class=\"elementor-element elementor-element-9a8f869 elementor-widget elementor-widget-heading\" data-id=\"9a8f869\" data-element_type=\"widget\" data-widget_type=\"heading.default\">\n\t\t\t\t<div class=\"elementor-widget-container\">\n\t\t\t<h3 class=\"elementor-heading-title elementor-size-default\">Als u zich bij ons wilt aansluiten, vindt u hier enkele informatie waarmee u rekening moet houden vooraleer u uw aanmelding verzendt : <\/h3>\t\t<\/div>\n\t\t\t\t<\/div>\n\t\t\t\t<div class=\"elementor-element elementor-element-a74af3c elementor-icon-list--layout-traditional elementor-list-item-link-full_width elementor-widget elementor-widget-icon-list\" data-id=\"a74af3c\" data-element_type=\"widget\" data-widget_type=\"icon-list.default\">\n\t\t\t\t<div class=\"elementor-widget-container\">\n\t\t\t\t\t<ul class=\"elementor-icon-list-items\">\n\t\t\t\t\t\t\t<li class=\"elementor-icon-list-item\">\n\t\t\t\t\t\t\t\t\t\t\t<span class=\"elementor-icon-list-icon\">\n\t\t\t\t\t\t\t<i aria-hidden=\"true\" class=\"fas fa-chevron-right\"><\/i>\t\t\t\t\t\t<\/span>\n\t\t\t\t\t\t\t\t\t\t<span class=\"elementor-icon-list-text\">U moet minstens 30 jaar oud zijn<\/span>\n\t\t\t\t\t\t\t\t\t<\/li>\n\t\t\t\t\t\t\t\t<li class=\"elementor-icon-list-item\">\n\t\t\t\t\t\t\t\t\t\t\t<span class=\"elementor-icon-list-icon\">\n\t\t\t\t\t\t\t<i aria-hidden=\"true\" class=\"fas fa-chevron-right\"><\/i>\t\t\t\t\t\t<\/span>\n\t\t\t\t\t\t\t\t\t\t<span class=\"elementor-icon-list-text\">Om de gevangenis binnen te kunnen vragen wij het uittreksel uit het strafregister<\/span>\n\t\t\t\t\t\t\t\t\t<\/li>\n\t\t\t\t\t\t\t\t<li class=\"elementor-icon-list-item\">\n\t\t\t\t\t\t\t\t\t\t\t<span class=\"elementor-icon-list-icon\">\n\t\t\t\t\t\t\t<i aria-hidden=\"true\" class=\"fas fa-chevron-right\"><\/i>\t\t\t\t\t\t<\/span>\n\t\t\t\t\t\t\t\t\t\t<span class=\"elementor-icon-list-text\">Wij geven de voorkeur aan kandidaten die meerdere talen spreken<\/span>\n\t\t\t\t\t\t\t\t\t<\/li>\n\t\t\t\t\t\t\t\t<li class=\"elementor-icon-list-item\">\n\t\t\t\t\t\t\t\t\t\t\t<span class=\"elementor-icon-list-icon\">\n\t\t\t\t\t\t\t<i aria-hidden=\"true\" class=\"fas fa-chevron-right\"><\/i>\t\t\t\t\t\t<\/span>\n\t\t\t\t\t\t\t\t\t\t<span class=\"elementor-icon-list-text\">Vrijwilligersbezoeken worden uitsluitend aan de gevangenis van Haren gebracht<\/span>\n\t\t\t\t\t\t\t\t\t<\/li>\n\t\t\t\t\t\t\t\t<li class=\"elementor-icon-list-item\">\n\t\t\t\t\t\t\t\t\t\t\t<span class=\"elementor-icon-list-icon\">\n\t\t\t\t\t\t\t<i aria-hidden=\"true\" class=\"fas fa-chevron-right\"><\/i>\t\t\t\t\t\t<\/span>\n\t\t\t\t\t\t\t\t\t\t<span class=\"elementor-icon-list-text\">Gevangenisbezoeken vinden bij voorkeur plaats buiten kantooruren (einde van de dag en in het weekend)<\/span>\n\t\t\t\t\t\t\t\t\t<\/li>\n\t\t\t\t\t\t\t\t<li class=\"elementor-icon-list-item\">\n\t\t\t\t\t\t\t\t\t\t\t<span class=\"elementor-icon-list-icon\">\n\t\t\t\t\t\t\t<i aria-hidden=\"true\" class=\"fas fa-chevron-right\"><\/i>\t\t\t\t\t\t<\/span>\n\t\t\t\t\t\t\t\t\t\t<span class=\"elementor-icon-list-text\">Voor bepaalde bijeenkomsten die in de middag en\/of avond plaatsvinden dien je beschikbaar te zijn<\/span>\n\t\t\t\t\t\t\t\t\t<\/li>\n\t\t\t\t\t\t\t\t<li class=\"elementor-icon-list-item\">\n\t\t\t\t\t\t\t\t\t\t\t<span class=\"elementor-icon-list-icon\">\n\t\t\t\t\t\t\t<i aria-hidden=\"true\" class=\"fas fa-arrow-right\"><\/i>\t\t\t\t\t\t<\/span>\n\t\t\t\t\t\t\t\t\t\t<span class=\"elementor-icon-list-text\"><b>Indien u ge\u00efnteresseerd bent, stuur in september of maart (niet tijdens de rest van het jaar) uw kandidatuur (cv + begeleidende brief)<\/b> naar : visitebenevole@rizome-bxl.be <\/span>\n\t\t\t\t\t\t\t\t\t<\/li>\n\t\t\t\t\t\t\t\t<li class=\"elementor-icon-list-item\">\n\t\t\t\t\t\t\t\t\t\t\t<span class=\"elementor-icon-list-icon\">\n\t\t\t\t\t\t\t<i aria-hidden=\"true\" class=\"fas fa-arrow-right\"><\/i>\t\t\t\t\t\t<\/span>\n\t\t\t\t\t\t\t\t\t\t<span class=\"elementor-icon-list-text\"><b>Er wordt dan een ontmoeting georganiseerd met twee professionals <\/b>van de vzw, die het team van bezoekers en bezoeksters leiden en dit vrijwilligersproject en onze werkwijze toelichten.<\/span>\n\t\t\t\t\t\t\t\t\t<\/li>\n\t\t\t\t\t\t\t\t<li class=\"elementor-icon-list-item\">\n\t\t\t\t\t\t\t\t\t\t\t<span class=\"elementor-icon-list-icon\">\n\t\t\t\t\t\t\t<i aria-hidden=\"true\" class=\"fas fa-arrow-right\"><\/i>\t\t\t\t\t\t<\/span>\n\t\t\t\t\t\t\t\t\t\t<span class=\"elementor-icon-list-text\"><b>Het volledige kandidatuurproces kan tot 4 maanden duren <\/b>(een onafhankelijke en noodzakelijke procedure, beheerd door het gevangeniswezen en met variabele termijnen).<\/span>\n\t\t\t\t\t\t\t\t\t<\/li>\n\t\t\t\t\t\t<\/ul>\n\t\t\t\t<\/div>\n\t\t\t\t<\/div>\n\t\t\t\t\t<\/div>\n\t\t<\/div>\n\t\t\t\t\t<\/div>\n\t\t<\/section>\n\t\t\t\t\t<\/div>\n\t\t<\/div>\n\t\t\t\t\t<\/div>\n\t\t<\/section>\n\t\t\t\t<\/div>\n\t\t","protected":false},"excerpt":{"rendered":"<p>De bezoekers en bezoeksters in de gevangenis zijn sleutelfiguren in onze organisatie. Ze bieden de gevangenen actieve steun en hun werk is een manier van verzet tegen de breuk tussen de gevangenen en de maatschappij. Wat bieden de bezoekers en bezoeksters in de gevangenis? Een luisterend oor en gesprekken van burger tot burger over het [&hellip;]<\/p>\n","protected":false},"author":1,"featured_media":0,"parent":32160,"menu_order":5,"comment_status":"closed","ping_status":"closed","template":"","meta":{"_acf_changed":false,"footnotes":""},"class_list":["post-32082","page","type-page","status-publish","hentry"],"acf":[],"_links":{"self":[{"href":"https:\/\/rizome-bxl.be\/nl\/wp-json\/wp\/v2\/pages\/32082","targetHints":{"allow":["GET"]}}],"collection":[{"href":"https:\/\/rizome-bxl.be\/nl\/wp-json\/wp\/v2\/pages"}],"about":[{"href":"https:\/\/rizome-bxl.be\/nl\/wp-json\/wp\/v2\/types\/page"}],"author":[{"embeddable":true,"href":"https:\/\/rizome-bxl.be\/nl\/wp-json\/wp\/v2\/users\/1"}],"replies":[{"embeddable":true,"href":"https:\/\/rizome-bxl.be\/nl\/wp-json\/wp\/v2\/comments?post=32082"}],"version-history":[{"count":15,"href":"https:\/\/rizome-bxl.be\/nl\/wp-json\/wp\/v2\/pages\/32082\/revisions"}],"predecessor-version":[{"id":32659,"href":"https:\/\/rizome-bxl.be\/nl\/wp-json\/wp\/v2\/pages\/32082\/revisions\/32659"}],"up":[{"embeddable":true,"href":"https:\/\/rizome-bxl.be\/nl\/wp-json\/wp\/v2\/pages\/32160"}],"wp:attachment":[{"href":"https:\/\/rizome-bxl.be\/nl\/wp-json\/wp\/v2\/media?parent=32082"}],"curies":[{"name":"wp","href":"https:\/\/api.w.org\/{rel}","templated":true}]}}