{"id":32101,"date":"2022-12-09T14:04:13","date_gmt":"2022-12-09T13:04:13","guid":{"rendered":"https:\/\/rizome-bxl.be\/?page_id=32101"},"modified":"2023-08-22T14:09:15","modified_gmt":"2023-08-22T12:09:15","slug":"onze-methode","status":"publish","type":"page","link":"https:\/\/rizome-bxl.be\/nl\/missies\/voorziening-voor-huisvestiging\/onze-methode\/","title":{"rendered":"Onze methode"},"content":{"rendered":"\t\t<div data-elementor-type=\"wp-page\" data-elementor-id=\"32101\" class=\"elementor elementor-32101 elementor-29107\">\n\t\t\t\t\t\t<section class=\"elementor-section elementor-top-section elementor-element elementor-element-ef51d85 elementor-section-boxed elementor-section-height-default elementor-section-height-default\" data-id=\"ef51d85\" data-element_type=\"section\">\n\t\t\t\t\t\t<div class=\"elementor-container elementor-column-gap-default\">\n\t\t\t\t\t<div class=\"elementor-column elementor-col-100 elementor-top-column elementor-element elementor-element-83fc0d7\" data-id=\"83fc0d7\" data-element_type=\"column\">\n\t\t\t<div class=\"elementor-widget-wrap elementor-element-populated\">\n\t\t\t\t\t\t<div class=\"elementor-element elementor-element-9eb50aa elementor-widget elementor-widget-text-editor\" data-id=\"9eb50aa\" data-element_type=\"widget\" data-widget_type=\"text-editor.default\">\n\t\t\t\t<div class=\"elementor-widget-container\">\n\t\t\t\t\t\t\t<p>De huisvestingsvoorziening kan een versterking van de sociale begeleiding <strong>in vier fasen<\/strong> voorstellen aan de personen die de gevangenis verlaten, afhankelijk van hun individuele situatie:<\/p>\t\t\t\t\t\t<\/div>\n\t\t\t\t<\/div>\n\t\t\t\t<div class=\"elementor-element elementor-element-75ee162 elementor-icon-list--layout-traditional elementor-list-item-link-full_width elementor-widget elementor-widget-icon-list\" data-id=\"75ee162\" data-element_type=\"widget\" data-widget_type=\"icon-list.default\">\n\t\t\t\t<div class=\"elementor-widget-container\">\n\t\t\t\t\t<ul class=\"elementor-icon-list-items\">\n\t\t\t\t\t\t\t<li class=\"elementor-icon-list-item\">\n\t\t\t\t\t\t\t\t\t\t\t<span class=\"elementor-icon-list-icon\">\n\t\t\t\t\t\t\t<i aria-hidden=\"true\" class=\"fas fa-arrow-right\"><\/i>\t\t\t\t\t\t<\/span>\n\t\t\t\t\t\t\t\t\t\t<span class=\"elementor-icon-list-text\"><u>Kandidatuurproces<\/u> of in afwachting van huisvesting:<\/span>\n\t\t\t\t\t\t\t\t\t<\/li>\n\t\t\t\t\t\t<\/ul>\n\t\t\t\t<\/div>\n\t\t\t\t<\/div>\n\t\t\t\t<div class=\"jupiter-tooltip-widget elementor-element elementor-element-b1cfaeb elementor-widget elementor-widget-text-editor\" data-jupiter-tooltip-settings=\"{&quot;tooltip&quot;:&quot;&quot;,&quot;tooltipDescription&quot;:&quot;This is Tooltip!&quot;,&quot;tooltipPlacement&quot;:&quot;top&quot;,&quot;tooltipArrow&quot;:true,&quot;xOffset&quot;:0,&quot;yOffset&quot;:0,&quot;tooltipAnimation&quot;:&quot;fade&quot;,&quot;tooltipTrigger&quot;:&quot;mouseenter&quot;,&quot;zIndex&quot;:999,&quot;customSelector&quot;:&quot;&quot;,&quot;delay&quot;:0}\" data-id=\"b1cfaeb\" data-element_type=\"widget\" data-widget_type=\"text-editor.default\">\n\t\t\t\t<div class=\"elementor-widget-container\">\n\t\t\t\t\t\t\t<p>1) Begeleiding <strong>tijdens de hechtenis<\/strong><br \/>2) Begeleiding <strong>bij het verlaten van de gevangenis<\/strong><\/p>\t\t\t\t\t\t<\/div>\n\t\t\t\t<\/div>\n\t\t\t\t<div class=\"elementor-element elementor-element-7271b1d elementor-icon-list--layout-traditional elementor-list-item-link-full_width elementor-widget elementor-widget-icon-list\" data-id=\"7271b1d\" data-element_type=\"widget\" data-widget_type=\"icon-list.default\">\n\t\t\t\t<div class=\"elementor-widget-container\">\n\t\t\t\t\t<ul class=\"elementor-icon-list-items\">\n\t\t\t\t\t\t\t<li class=\"elementor-icon-list-item\">\n\t\t\t\t\t\t\t\t\t\t\t<span class=\"elementor-icon-list-icon\">\n\t\t\t\t\t\t\t<i aria-hidden=\"true\" class=\"fas fa-arrow-right\"><\/i>\t\t\t\t\t\t<\/span>\n\t\t\t\t\t\t\t\t\t\t<span class=\"elementor-icon-list-text\"><u>In huisvesting<\/u> met het hulpnetwerk:<\/span>\n\t\t\t\t\t\t\t\t\t<\/li>\n\t\t\t\t\t\t<\/ul>\n\t\t\t\t<\/div>\n\t\t\t\t<\/div>\n\t\t\t\t<div class=\"jupiter-tooltip-widget elementor-element elementor-element-b30d389 elementor-widget elementor-widget-text-editor\" data-jupiter-tooltip-settings=\"{&quot;tooltip&quot;:&quot;&quot;,&quot;tooltipDescription&quot;:&quot;This is Tooltip!&quot;,&quot;tooltipPlacement&quot;:&quot;top&quot;,&quot;tooltipArrow&quot;:true,&quot;xOffset&quot;:0,&quot;yOffset&quot;:0,&quot;tooltipAnimation&quot;:&quot;fade&quot;,&quot;tooltipTrigger&quot;:&quot;mouseenter&quot;,&quot;zIndex&quot;:999,&quot;customSelector&quot;:&quot;&quot;,&quot;delay&quot;:0}\" data-id=\"b30d389\" data-element_type=\"widget\" data-widget_type=\"text-editor.default\">\n\t\t\t\t<div class=\"elementor-widget-container\">\n\t\t\t\t\t\t\t<p>3) Begeleiding <strong>in een transitwoning<\/strong><br \/>4) Begeleiding <strong>in een woning voor langere duur<\/strong><\/p>\t\t\t\t\t\t<\/div>\n\t\t\t\t<\/div>\n\t\t\t\t\t<\/div>\n\t\t<\/div>\n\t\t\t\t\t<\/div>\n\t\t<\/section>\n\t\t\t\t<section class=\"elementor-section elementor-top-section elementor-element elementor-element-3dd3704 elementor-section-boxed elementor-section-height-default elementor-section-height-default\" data-id=\"3dd3704\" data-element_type=\"section\">\n\t\t\t\t\t\t<div class=\"elementor-container elementor-column-gap-default\">\n\t\t\t\t\t<div class=\"elementor-column elementor-col-100 elementor-top-column elementor-element elementor-element-a02d31a\" data-id=\"a02d31a\" data-element_type=\"column\">\n\t\t\t<div class=\"elementor-widget-wrap elementor-element-populated\">\n\t\t\t\t\t\t<div class=\"elementor-element elementor-element-2ee9052 elementor-widget elementor-widget-text-editor\" data-id=\"2ee9052\" data-element_type=\"widget\" data-widget_type=\"text-editor.default\">\n\t\t\t\t<div class=\"elementor-widget-container\">\n\t\t\t\t\t\t\t<p><strong><u>De fase in een transitwoning is verplicht<\/u><\/strong> om het invrijheidstellingsproject te versterken en samen met het huisvestingsteam een geschikt hulpnetwerk te cre\u00ebren. De oplossingen voor na de transitperiode moeten op voorhand worden gepland (bv. inschrijving op wachtlijsten tijdens de hechtenis) en zijn de verantwoordelijkheid van de huurders (actief zoeken naar huisvesting tijdens de transitperiode).<\/p>\t\t\t\t\t\t<\/div>\n\t\t\t\t<\/div>\n\t\t\t\t<div class=\"elementor-element elementor-element-9a72b0f elementor-widget elementor-widget-image\" data-id=\"9a72b0f\" data-element_type=\"widget\" data-widget_type=\"image.default\">\n\t\t\t\t<div class=\"elementor-widget-container\">\n\t\t\t\t\t\t\t\t\t\t\t\t\t\t<a href=\"https:\/\/rizome-bxl.be\/wp-content\/uploads\/2023\/08\/Schema-Methodologique-Logement-NL.png\" data-elementor-open-lightbox=\"yes\" data-elementor-lightbox-title=\"Sche\u0301ma-Me\u0301thodologique-Logement-NL\" data-e-action-hash=\"#elementor-action%3Aaction%3Dlightbox%26settings%3DeyJpZCI6MzIzNjksInVybCI6Imh0dHBzOlwvXC9yaXpvbWUtYnhsLmJlXC93cC1jb250ZW50XC91cGxvYWRzXC8yMDIzXC8wOFwvU2NoZW1hLU1ldGhvZG9sb2dpcXVlLUxvZ2VtZW50LU5MLnBuZyJ9\">\n\t\t\t\t\t\t\t<img fetchpriority=\"high\" decoding=\"async\" width=\"3354\" height=\"2230\" src=\"https:\/\/rizome-bxl.be\/wp-content\/uploads\/2023\/08\/Schema-Methodologique-Logement-NL.png\" class=\"attachment-full size-full wp-image-32369\" alt=\"\" srcset=\"https:\/\/rizome-bxl.be\/wp-content\/uploads\/2023\/08\/Schema-Methodologique-Logement-NL.png 3354w, https:\/\/rizome-bxl.be\/wp-content\/uploads\/2023\/08\/Schema-Methodologique-Logement-NL-300x199.png 300w, https:\/\/rizome-bxl.be\/wp-content\/uploads\/2023\/08\/Schema-Methodologique-Logement-NL-1024x681.png 1024w, https:\/\/rizome-bxl.be\/wp-content\/uploads\/2023\/08\/Schema-Methodologique-Logement-NL-768x511.png 768w, https:\/\/rizome-bxl.be\/wp-content\/uploads\/2023\/08\/Schema-Methodologique-Logement-NL-1536x1021.png 1536w, https:\/\/rizome-bxl.be\/wp-content\/uploads\/2023\/08\/Schema-Methodologique-Logement-NL-2048x1362.png 2048w\" sizes=\"(max-width: 3354px) 100vw, 3354px\" \/>\t\t\t\t\t\t\t\t<\/a>\n\t\t\t\t\t\t\t\t\t\t\t\t\t<\/div>\n\t\t\t\t<\/div>\n\t\t\t\t\t<\/div>\n\t\t<\/div>\n\t\t\t\t\t<\/div>\n\t\t<\/section>\n\t\t\t\t<section class=\"elementor-section elementor-top-section elementor-element elementor-element-7ef4108 elementor-section-stretched elementor-section-boxed elementor-section-height-default elementor-section-height-default\" data-id=\"7ef4108\" data-element_type=\"section\" data-settings=\"{&quot;stretch_section&quot;:&quot;section-stretched&quot;}\">\n\t\t\t\t\t\t<div class=\"elementor-container elementor-column-gap-default\">\n\t\t\t\t\t<div class=\"elementor-column elementor-col-100 elementor-top-column elementor-element elementor-element-2107034\" data-id=\"2107034\" data-element_type=\"column\">\n\t\t\t<div class=\"elementor-widget-wrap elementor-element-populated\">\n\t\t\t\t\t\t<div class=\"elementor-element elementor-element-ad42180 elementor-widget elementor-widget-heading\" data-id=\"ad42180\" data-element_type=\"widget\" data-widget_type=\"heading.default\">\n\t\t\t\t<div class=\"elementor-widget-container\">\n\t\t\t<h3 class=\"elementor-heading-title elementor-size-default\">Basisprincipes <\/h3>\t\t<\/div>\n\t\t\t\t<\/div>\n\t\t\t\t<div class=\"elementor-element elementor-element-cc2623a elementor-widget elementor-widget-text-editor\" data-id=\"cc2623a\" data-element_type=\"widget\" data-widget_type=\"text-editor.default\">\n\t\t\t\t<div class=\"elementor-widget-container\">\n\t\t\t\t\t\t\t<p><strong>1)<\/strong> Onze regeling is toegespitst op de moeilijkheden die de betrokkenen ondervinden wanneer ze <strong>de gevangenis verlaten<\/strong> (meer info onder \u2018Een innovatief project\u2019):<\/p>\t\t\t\t\t\t<\/div>\n\t\t\t\t<\/div>\n\t\t\t\t<div class=\"elementor-element elementor-element-cbab2ec elementor-icon-list--layout-traditional elementor-list-item-link-full_width elementor-widget elementor-widget-icon-list\" data-id=\"cbab2ec\" data-element_type=\"widget\" data-widget_type=\"icon-list.default\">\n\t\t\t\t<div class=\"elementor-widget-container\">\n\t\t\t\t\t<ul class=\"elementor-icon-list-items\">\n\t\t\t\t\t\t\t<li class=\"elementor-icon-list-item\">\n\t\t\t\t\t\t\t\t\t\t\t<span class=\"elementor-icon-list-icon\">\n\t\t\t\t\t\t\t<i aria-hidden=\"true\" class=\"fas fa-arrow-right\"><\/i>\t\t\t\t\t\t<\/span>\n\t\t\t\t\t\t\t\t\t\t<span class=\"elementor-icon-list-text\">Het is onze bedoeling om in actie te treden zodra de betrokkene naar de gevangenis gaat en de invrijheidstelling zo goed mogelijk voor te bereiden in alle aspecten van re-integratie (administratief, gezondheid, familie, activiteiten enz.) die een rol spelen in de leefomstandigheden van ex-gedetineerden die zelfstandig gaan wonen.<\/span>\n\t\t\t\t\t\t\t\t\t<\/li>\n\t\t\t\t\t\t<\/ul>\n\t\t\t\t<\/div>\n\t\t\t\t<\/div>\n\t\t\t\t<div class=\"elementor-element elementor-element-8ded961 elementor-widget-divider--view-line elementor-widget elementor-widget-divider\" data-id=\"8ded961\" data-element_type=\"widget\" data-widget_type=\"divider.default\">\n\t\t\t\t<div class=\"elementor-widget-container\">\n\t\t\t\t\t<div class=\"elementor-divider\">\n\t\t\t<span class=\"elementor-divider-separator\">\n\t\t\t\t\t\t<\/span>\n\t\t<\/div>\n\t\t\t\t<\/div>\n\t\t\t\t<\/div>\n\t\t\t\t<div class=\"elementor-element elementor-element-e61995f elementor-widget elementor-widget-text-editor\" data-id=\"e61995f\" data-element_type=\"widget\" data-widget_type=\"text-editor.default\">\n\t\t\t\t<div class=\"elementor-widget-container\">\n\t\t\t\t\t\t\t<p><strong>2)<\/strong> De huisvestingsvoorziening is een <strong>tweedelijnsdienst<\/strong>, en dus <u>niet voor dringende situaties<\/u>. Het huisvestingsteam versterkt de algemene sociale begeleiding die al door een sociale dienst is opgestart:<\/p>\t\t\t\t\t\t<\/div>\n\t\t\t\t<\/div>\n\t\t\t\t<div class=\"elementor-element elementor-element-39942d2 elementor-icon-list--layout-traditional elementor-list-item-link-full_width elementor-widget elementor-widget-icon-list\" data-id=\"39942d2\" data-element_type=\"widget\" data-widget_type=\"icon-list.default\">\n\t\t\t\t<div class=\"elementor-widget-container\">\n\t\t\t\t\t<ul class=\"elementor-icon-list-items\">\n\t\t\t\t\t\t\t<li class=\"elementor-icon-list-item\">\n\t\t\t\t\t\t\t\t\t\t\t<span class=\"elementor-icon-list-icon\">\n\t\t\t\t\t\t\t<i aria-hidden=\"true\" class=\"fas fa-arrow-right\"><\/i>\t\t\t\t\t\t<\/span>\n\t\t\t\t\t\t\t\t\t\t<span class=\"elementor-icon-list-text\">Het is essentieel dat de begunstigden interesse hebben voor sociale begeleiding<\/span>\n\t\t\t\t\t\t\t\t\t<\/li>\n\t\t\t\t\t\t\t\t<li class=\"elementor-icon-list-item\">\n\t\t\t\t\t\t\t\t\t\t\t<span class=\"elementor-icon-list-icon\">\n\t\t\t\t\t\t\t<i aria-hidden=\"true\" class=\"fas fa-arrow-right\"><\/i>\t\t\t\t\t\t<\/span>\n\t\t\t\t\t\t\t\t\t\t<span class=\"elementor-icon-list-text\">Onze begeleiding is beperkt in de tijd (zie tabel). <\/span>\n\t\t\t\t\t\t\t\t\t<\/li>\n\t\t\t\t\t\t<\/ul>\n\t\t\t\t<\/div>\n\t\t\t\t<\/div>\n\t\t\t\t<div class=\"elementor-element elementor-element-d8560e8 elementor-widget-divider--view-line elementor-widget elementor-widget-divider\" data-id=\"d8560e8\" data-element_type=\"widget\" data-widget_type=\"divider.default\">\n\t\t\t\t<div class=\"elementor-widget-container\">\n\t\t\t\t\t<div class=\"elementor-divider\">\n\t\t\t<span class=\"elementor-divider-separator\">\n\t\t\t\t\t\t<\/span>\n\t\t<\/div>\n\t\t\t\t<\/div>\n\t\t\t\t<\/div>\n\t\t\t\t<div class=\"elementor-element elementor-element-c62a097 elementor-widget elementor-widget-text-editor\" data-id=\"c62a097\" data-element_type=\"widget\" data-widget_type=\"text-editor.default\">\n\t\t\t\t<div class=\"elementor-widget-container\">\n\t\t\t\t\t\t\t<p><strong>3)<\/strong> De huisvestingsvoorziening <strong>verschilt van Housing First<\/strong> in termen van type begeleiding en doelgroep. Huisvesting is hier niet het uitgangspunt, maar versterkt een invrijheidstellingsproject dat al is opgebouwd (administratieve regularisatie, jobplan, toegang tot zorg, reklasseringsplan\u00a0enz.). Of het wordt voorgesteld <u>na een eerste fase van zorgverstrekking<\/u> bij het verlaten van de gevangenis (ziekenhuis, therapeutische gemeenschap, andere):<\/p>\t\t\t\t\t\t<\/div>\n\t\t\t\t<\/div>\n\t\t\t\t<div class=\"elementor-element elementor-element-7080c96 elementor-icon-list--layout-traditional elementor-list-item-link-full_width elementor-widget elementor-widget-icon-list\" data-id=\"7080c96\" data-element_type=\"widget\" data-widget_type=\"icon-list.default\">\n\t\t\t\t<div class=\"elementor-widget-container\">\n\t\t\t\t\t<ul class=\"elementor-icon-list-items\">\n\t\t\t\t\t\t\t<li class=\"elementor-icon-list-item\">\n\t\t\t\t\t\t\t\t\t\t\t<span class=\"elementor-icon-list-icon\">\n\t\t\t\t\t\t\t<i aria-hidden=\"true\" class=\"fas fa-arrow-right\"><\/i>\t\t\t\t\t\t<\/span>\n\t\t\t\t\t\t\t\t\t\t<span class=\"elementor-icon-list-text\">huisvesting als herintegratiemiddel<\/span>\n\t\t\t\t\t\t\t\t\t<\/li>\n\t\t\t\t\t\t\t\t<li class=\"elementor-icon-list-item\">\n\t\t\t\t\t\t\t\t\t\t\t<span class=\"elementor-icon-list-icon\">\n\t\t\t\t\t\t\t<i aria-hidden=\"true\" class=\"fas fa-arrow-right\"><\/i>\t\t\t\t\t\t<\/span>\n\t\t\t\t\t\t\t\t\t\t<span class=\"elementor-icon-list-text\">Een alternatief voor andere opties bij het verlaten van de gevangenis<\/span>\n\t\t\t\t\t\t\t\t\t<\/li>\n\t\t\t\t\t\t<\/ul>\n\t\t\t\t<\/div>\n\t\t\t\t<\/div>\n\t\t\t\t<div class=\"elementor-element elementor-element-7ca244e elementor-widget-divider--view-line elementor-widget elementor-widget-divider\" data-id=\"7ca244e\" data-element_type=\"widget\" data-widget_type=\"divider.default\">\n\t\t\t\t<div class=\"elementor-widget-container\">\n\t\t\t\t\t<div class=\"elementor-divider\">\n\t\t\t<span class=\"elementor-divider-separator\">\n\t\t\t\t\t\t<\/span>\n\t\t<\/div>\n\t\t\t\t<\/div>\n\t\t\t\t<\/div>\n\t\t\t\t<div class=\"elementor-element elementor-element-a3105b9 elementor-widget elementor-widget-text-editor\" data-id=\"a3105b9\" data-element_type=\"widget\" data-widget_type=\"text-editor.default\">\n\t\t\t\t<div class=\"elementor-widget-container\">\n\t\t\t\t\t\t\t<p><strong>4)<\/strong> Het systeem is opgebouwd rond partnerschappen die essentieel zijn voor het goede beheer van een vastgoedpark en de begeleiding van de huurders. Cruciaal in deze dynamiek is de <strong>werking in netwerken<\/strong>, waarbij het huisvestingsteam <u>een schakelrol<\/u> speelt tussen de verschillende hulpverleners:<\/p>\t\t\t\t\t\t<\/div>\n\t\t\t\t<\/div>\n\t\t\t\t<div class=\"elementor-element elementor-element-8d64d55 elementor-icon-list--layout-traditional elementor-list-item-link-full_width elementor-widget elementor-widget-icon-list\" data-id=\"8d64d55\" data-element_type=\"widget\" data-widget_type=\"icon-list.default\">\n\t\t\t\t<div class=\"elementor-widget-container\">\n\t\t\t\t\t<ul class=\"elementor-icon-list-items\">\n\t\t\t\t\t\t\t<li class=\"elementor-icon-list-item\">\n\t\t\t\t\t\t\t\t\t\t\t<span class=\"elementor-icon-list-icon\">\n\t\t\t\t\t\t\t<i aria-hidden=\"true\" class=\"fas fa-arrow-right\"><\/i>\t\t\t\t\t\t<\/span>\n\t\t\t\t\t\t\t\t\t\t<span class=\"elementor-icon-list-text\"><i>Taakverdeling<\/i> in het team: begeleiding van de begunstigden in hun netwerk \u2013 instaan voor de partnerschappen met de sociale verhuurkantoren en openbare vastgoedmaatschappijen \u2013 werk met het netwerk van de begunstigden \u2013 werk met justitie <\/span>\n\t\t\t\t\t\t\t\t\t<\/li>\n\t\t\t\t\t\t<\/ul>\n\t\t\t\t<\/div>\n\t\t\t\t<\/div>\n\t\t\t\t\t<\/div>\n\t\t<\/div>\n\t\t\t\t\t<\/div>\n\t\t<\/section>\n\t\t\t\t<section class=\"elementor-section elementor-top-section elementor-element elementor-element-f295d11 elementor-section-content-middle elementor-section-boxed elementor-section-height-default elementor-section-height-default\" data-id=\"f295d11\" data-element_type=\"section\">\n\t\t\t\t\t\t<div class=\"elementor-container elementor-column-gap-default\">\n\t\t\t\t\t<div class=\"elementor-column elementor-col-50 elementor-top-column elementor-element elementor-element-5296a92\" data-id=\"5296a92\" data-element_type=\"column\">\n\t\t\t<div class=\"elementor-widget-wrap elementor-element-populated\">\n\t\t\t\t\t\t<div class=\"elementor-element elementor-element-a801bd6 elementor-widget elementor-widget-image\" data-id=\"a801bd6\" data-element_type=\"widget\" data-widget_type=\"image.default\">\n\t\t\t\t<div class=\"elementor-widget-container\">\n\t\t\t\t\t\t\t\t\t\t\t\t\t<img decoding=\"async\" width=\"500\" height=\"500\" src=\"https:\/\/rizome-bxl.be\/wp-content\/uploads\/2022\/12\/metho-02-500x500.png\" class=\"attachment-Image Size 500x500 size-Image Size 500x500 wp-image-29184\" alt=\"\" srcset=\"https:\/\/rizome-bxl.be\/wp-content\/uploads\/2022\/12\/metho-02-500x500.png 500w, https:\/\/rizome-bxl.be\/wp-content\/uploads\/2022\/12\/metho-02-150x150.png 150w\" sizes=\"(max-width: 500px) 100vw, 500px\" \/>\t\t\t\t\t\t\t\t\t\t\t\t\t<\/div>\n\t\t\t\t<\/div>\n\t\t\t\t\t<\/div>\n\t\t<\/div>\n\t\t\t\t<div class=\"elementor-column elementor-col-50 elementor-top-column elementor-element elementor-element-fd309b3\" data-id=\"fd309b3\" data-element_type=\"column\">\n\t\t\t<div class=\"elementor-widget-wrap elementor-element-populated\">\n\t\t\t\t\t\t<div class=\"elementor-element elementor-element-f31d334 elementor-widget elementor-widget-text-editor\" data-id=\"f31d334\" data-element_type=\"widget\" data-widget_type=\"text-editor.default\">\n\t\t\t\t<div class=\"elementor-widget-container\">\n\t\t\t\t\t\t\t<p><span style=\"text-decoration: underline;\"><strong>Meer lezen (Franstalig artikel):<\/strong><\/span><\/p><p><a href=\"http:\/\/e-legal.ulb.be\/volume-n06\/la-peine-ne-s-arrete-pas-a-la-sortie-de-prison\/focus-pratique-la-sortie-de-prison-une-periode-de-transition-presentation-du-dispositif-interdisciplinaire-de-logements-de-transit-et-de-maison-communautaire-porte-par-rizome-bxl-asbl\">FOCUS PRATIQUE : La sortie de prison, une p\u00e9riode de transition : Pr\u00e9sentation du dispositif interdisciplinaire de logements de transit et de maison communautaire port\u00e9 par Rizome-Bxl asbl (ulb.be)<\/a><\/p>\t\t\t\t\t\t<\/div>\n\t\t\t\t<\/div>\n\t\t\t\t\t<\/div>\n\t\t<\/div>\n\t\t\t\t\t<\/div>\n\t\t<\/section>\n\t\t\t\t<\/div>\n\t\t","protected":false},"excerpt":{"rendered":"<p>De huisvestingsvoorziening kan een versterking van de sociale begeleiding in vier fasen voorstellen aan de personen die de gevangenis verlaten, afhankelijk van hun individuele situatie: Kandidatuurproces of in afwachting van huisvesting: 1) Begeleiding tijdens de hechtenis2) Begeleiding bij het verlaten van de gevangenis In huisvesting met het hulpnetwerk: 3) Begeleiding in een transitwoning4) Begeleiding in [&hellip;]<\/p>\n","protected":false},"author":1,"featured_media":0,"parent":32093,"menu_order":0,"comment_status":"closed","ping_status":"closed","template":"","meta":{"_acf_changed":false,"footnotes":""},"class_list":["post-32101","page","type-page","status-publish","hentry"],"acf":[],"_links":{"self":[{"href":"https:\/\/rizome-bxl.be\/nl\/wp-json\/wp\/v2\/pages\/32101","targetHints":{"allow":["GET"]}}],"collection":[{"href":"https:\/\/rizome-bxl.be\/nl\/wp-json\/wp\/v2\/pages"}],"about":[{"href":"https:\/\/rizome-bxl.be\/nl\/wp-json\/wp\/v2\/types\/page"}],"author":[{"embeddable":true,"href":"https:\/\/rizome-bxl.be\/nl\/wp-json\/wp\/v2\/users\/1"}],"replies":[{"embeddable":true,"href":"https:\/\/rizome-bxl.be\/nl\/wp-json\/wp\/v2\/comments?post=32101"}],"version-history":[{"count":12,"href":"https:\/\/rizome-bxl.be\/nl\/wp-json\/wp\/v2\/pages\/32101\/revisions"}],"predecessor-version":[{"id":32373,"href":"https:\/\/rizome-bxl.be\/nl\/wp-json\/wp\/v2\/pages\/32101\/revisions\/32373"}],"up":[{"embeddable":true,"href":"https:\/\/rizome-bxl.be\/nl\/wp-json\/wp\/v2\/pages\/32093"}],"wp:attachment":[{"href":"https:\/\/rizome-bxl.be\/nl\/wp-json\/wp\/v2\/media?parent=32101"}],"curies":[{"name":"wp","href":"https:\/\/api.w.org\/{rel}","templated":true}]}}